{"id":22,"date":"2016-03-19T08:52:14","date_gmt":"2016-03-19T07:52:14","guid":{"rendered":"http:\/\/fefs.pl\/?page_id=22"},"modified":"2017-03-14T17:43:01","modified_gmt":"2017-03-14T16:43:01","slug":"kontakt","status":"publish","type":"page","link":"https:\/\/fefs.pl\/?page_id=22","title":{"rendered":"Kontakt"},"content":{"rendered":"<p style=\"text-align: center;\">Fundacja Europejskie Forum Sztuki<\/p>\n<p style=\"text-align: center;\">Ul. \u0141\u00f3dzka 11<\/p>\n<p style=\"text-align: center;\">60-468 Pozna\u0144<\/p>\n<p style=\"text-align: center;\">Tel. 601 70 30 80<\/p>\n<p style=\"text-align: center;\">\u00a0Adres email: biuro@fefs.pl<\/p>\n<p style=\"text-align: center;\">Prezes Fundacji:\u00a0 Jerzy Gumny<\/p>\n<div class=\"share-this group\"><span class=\"share\">Share &rarr;<\/span><\/p>\n<div><a href=\"http:\/\/twitter.com\/share\" class=\"twitter-share-button\" data-count=\"horizontal\">Tweet<\/a><\/div>\n<div class=\"plusone\"><g:plusone size=\"medium\" href=\"https:\/\/fefs.pl\/?page_id=22\"><\/g:plusone><\/div>\n<div class=\"facebook-like-button\"><iframe src=\"http:\/\/www.facebook.com\/plugins\/like.php?href=https%3A%2F%2Ffefs.pl%2F%3Fpage_id%3D22&amp;layout=button_count&amp;show_faces=false&amp;width=200&amp;action=like&amp;colorscheme=light&amp;height=21\"scrolling=\"no\" frameborder=\"0\" style=\"border:none; overflow:hidden; width:200px; height:21px;\" allowTransparency=\"true\"><\/iframe><\/div>\n<\/div>\n","protected":false},"excerpt":{"rendered":"<p>Fundacja Europejskie Forum Sztuki Ul. \u0141\u00f3dzka 11 60-468 Pozna\u0144 Tel. 601 70 30 80 \u00a0Adres email: biuro@fefs.pl Prezes Fundacji:\u00a0 Jerzy Gumny Share &rarr; Tweet<\/p>\n","protected":false},"author":3,"featured_media":0,"parent":0,"menu_order":0,"comment_status":"closed","ping_status":"closed","template":"","meta":[],"_links":{"self":[{"href":"https:\/\/fefs.pl\/index.php?rest_route=\/wp\/v2\/pages\/22"}],"collection":[{"href":"https:\/\/fefs.pl\/index.php?rest_route=\/wp\/v2\/pages"}],"about":[{"href":"https:\/\/fefs.pl\/index.php?rest_route=\/wp\/v2\/types\/page"}],"author":[{"embeddable":true,"href":"https:\/\/fefs.pl\/index.php?rest_route=\/wp\/v2\/users\/3"}],"replies":[{"embeddable":true,"href":"https:\/\/fefs.pl\/index.php?rest_route=%2Fwp%2Fv2%2Fcomments&post=22"}],"version-history":[{"count":5,"href":"https:\/\/fefs.pl\/index.php?rest_route=\/wp\/v2\/pages\/22\/revisions"}],"predecessor-version":[{"id":601,"href":"https:\/\/fefs.pl\/index.php?rest_route=\/wp\/v2\/pages\/22\/revisions\/601"}],"wp:attachment":[{"href":"https:\/\/fefs.pl\/index.php?rest_route=%2Fwp%2Fv2%2Fmedia&parent=22"}],"curies":[{"name":"wp","href":"https:\/\/api.w.org\/{rel}","templated":true}]}}