{"id":44,"date":"2016-03-23T09:57:38","date_gmt":"2016-03-23T08:57:38","guid":{"rendered":"http:\/\/fefs.pl\/?page_id=44"},"modified":"2016-11-23T17:39:54","modified_gmt":"2016-11-23T16:39:54","slug":"fundacja-europejskie-forum-sztuki","status":"publish","type":"page","link":"https:\/\/fefs.pl\/?page_id=44","title":{"rendered":"Fundacja Europejskie Forum Sztuki"},"content":{"rendered":"<p><a href=\"http:\/\/fefs.pl\/wp-content\/uploads\/2016\/03\/statut.pdf\" rel=\"\">Statut<\/a> |<\/p>\n<p><strong>Fundacja Europejskie Forum Sztuki<\/strong> zosta\u0142a za\u0142o\u017cona w 2004 roku.<\/p>\n<p>Jej g\u0142\u00f3wnym celem jest upowszechnianie kultury i sztuki, wspieranie dzia\u0142a\u0144 artyst\u00f3w oraz animowanie wydarze\u0144 artystycznych. Fundacja jest animatorem i organizatorem m.in. <u><a href=\"http:\/\/www.enterfestival.pl\">ENTER MUSIC FESIVAL<\/a><\/u>, zajmuje si\u0119 produkcj\u0105 koncert\u00f3w, film\u00f3w, jest wsp\u00f3\u0142organizatorem corocznego <u><a href=\"http:\/\/fefs.pl\/?page_id=78\">SYMPOZJUM TW\u00d3RC\u00d3W I TEORETYK\u00d3W SUMMER JAM<\/a><\/u>. Wsp\u00f3lnie z ABC Gallery realizuje te\u017c projekt unikatowego parku rze\u017aby i obiekt\u00f3w artystycznych <u><a href=\"http:\/\/fefs.pl\/?page_id=119\">VISUAL PARK <\/a><\/u>w przestrzeni publicznej nad Jeziorem Strzeszy\u0144skim w Poznaniu. Fundacja ma tak\u017ce na swoim koncie szereg publikacji, wystaw oraz dzia\u0142a\u0144 edukacyjnych.<\/p>\n<p>Pierwotnie nadrz\u0119dnym celem Fundacji by\u0142a rewitalizacja teren\u00f3w i budynk\u00f3w Starej Gazowni w Poznaniu. Projekt ten zak\u0142ada\u0142 utworzenie w postindustrialnej przestrzeni centrum kulturalnego, gdzie swoje siedziby mia\u0142o pozyska\u0107 szereg pozna\u0144skich instytucji kultury, dotychczas nie dysponuj\u0105cych w\u0142asn\u0105 przestrzeni\u0105, planowano tak\u017ce powo\u0142anie kilku nowych instytucji.\u00a0 Jako konglomerat przestrzeni wystawienniczych, sal koncertowych, teatralnych, pracowni i warsztat\u00f3w artystycznych Stara Gazownia mia\u0142a sta\u0107 si\u0119 swoistym FORUM SZTUKI, miejscem wymiany, generowania nowych zjawisk w obszarze kultury i konfrontowania ich z publiczno\u015bci\u0105. Wykonano inwentaryzacj\u0119 budynk\u00f3w i wst\u0119pne projekty, jednak rewitalizacja Starej Gazowni nie dosz\u0142a do skutku ze wzgl\u0119du na maj\u0105ce miejsce w pierwszej dekadzie XXI w. przekszta\u0142cenia w\u0142asno\u015bciowe i strukturalne w PGNiG.<\/p>\n<p><img decoding=\"async\" class=\"ngg_displayed_gallery mceItem\" src=\"http:\/\/fefs.pl\/index.php\/nextgen-attach_to_post\/preview\/id--73\" alt=\"\" data-mce-placeholder=\"1\" \/><\/p>\n<div class=\"share-this group\"><span class=\"share\">Share &rarr;<\/span><\/p>\n<div><a href=\"http:\/\/twitter.com\/share\" class=\"twitter-share-button\" data-count=\"horizontal\">Tweet<\/a><\/div>\n<div class=\"plusone\"><g:plusone size=\"medium\" href=\"https:\/\/fefs.pl\/?page_id=44\"><\/g:plusone><\/div>\n<div class=\"facebook-like-button\"><iframe src=\"http:\/\/www.facebook.com\/plugins\/like.php?href=https%3A%2F%2Ffefs.pl%2F%3Fpage_id%3D44&amp;layout=button_count&amp;show_faces=false&amp;width=200&amp;action=like&amp;colorscheme=light&amp;height=21\"scrolling=\"no\" frameborder=\"0\" style=\"border:none; overflow:hidden; width:200px; height:21px;\" allowTransparency=\"true\"><\/iframe><\/div>\n<\/div>\n","protected":false},"excerpt":{"rendered":"<p>Statut | Fundacja Europejskie Forum Sztuki zosta\u0142a za\u0142o\u017cona w 2004 roku. Jej g\u0142\u00f3wnym celem jest upowszechnianie kultury i sztuki, wspieranie dzia\u0142a\u0144 artyst\u00f3w oraz animowanie wydarze\u0144 artystycznych. Fundacja jest animatorem i organizatorem m.in. ENTER MUSIC FESIVAL, zajmuje si\u0119 produkcj\u0105 koncert\u00f3w, film\u00f3w, jest wsp\u00f3\u0142organizatorem corocznego SYMPOZJUM TW\u00d3RC\u00d3W I TEORETYK\u00d3W SUMMER JAM. Wsp\u00f3lnie z ABC Gallery realizuje te\u017c [&hellip;]<\/p>\n","protected":false},"author":3,"featured_media":0,"parent":0,"menu_order":0,"comment_status":"closed","ping_status":"closed","template":"","meta":[],"_links":{"self":[{"href":"https:\/\/fefs.pl\/index.php?rest_route=\/wp\/v2\/pages\/44"}],"collection":[{"href":"https:\/\/fefs.pl\/index.php?rest_route=\/wp\/v2\/pages"}],"about":[{"href":"https:\/\/fefs.pl\/index.php?rest_route=\/wp\/v2\/types\/page"}],"author":[{"embeddable":true,"href":"https:\/\/fefs.pl\/index.php?rest_route=\/wp\/v2\/users\/3"}],"replies":[{"embeddable":true,"href":"https:\/\/fefs.pl\/index.php?rest_route=%2Fwp%2Fv2%2Fcomments&post=44"}],"version-history":[{"count":8,"href":"https:\/\/fefs.pl\/index.php?rest_route=\/wp\/v2\/pages\/44\/revisions"}],"predecessor-version":[{"id":368,"href":"https:\/\/fefs.pl\/index.php?rest_route=\/wp\/v2\/pages\/44\/revisions\/368"}],"wp:attachment":[{"href":"https:\/\/fefs.pl\/index.php?rest_route=%2Fwp%2Fv2%2Fmedia&parent=44"}],"curies":[{"name":"wp","href":"https:\/\/api.w.org\/{rel}","templated":true}]}}