{"id":627,"date":"2018-07-05T13:14:32","date_gmt":"2018-07-05T11:14:32","guid":{"rendered":"http:\/\/fefs.pl\/?page_id=627"},"modified":"2018-10-09T12:38:10","modified_gmt":"2018-10-09T10:38:10","slug":"projekty-unijne","status":"publish","type":"page","link":"https:\/\/fefs.pl\/?page_id=627","title":{"rendered":"Projekty Unijne"},"content":{"rendered":"<p><a href=\"http:\/\/fefs.pl\/wp-content\/uploads\/2018\/07\/ue.jpg\"><img decoding=\"async\" loading=\"lazy\" class=\"aligncenter wp-image-630\" src=\"http:\/\/fefs.pl\/wp-content\/uploads\/2018\/07\/ue.jpg\" alt=\"\" width=\"686\" height=\"68\" srcset=\"https:\/\/fefs.pl\/wp-content\/uploads\/2018\/07\/ue.jpg 9178w, https:\/\/fefs.pl\/wp-content\/uploads\/2018\/07\/ue-300x30.jpg 300w, https:\/\/fefs.pl\/wp-content\/uploads\/2018\/07\/ue-768x76.jpg 768w, https:\/\/fefs.pl\/wp-content\/uploads\/2018\/07\/ue-1024x102.jpg 1024w, https:\/\/fefs.pl\/wp-content\/uploads\/2018\/07\/ue-400x40.jpg 400w, https:\/\/fefs.pl\/wp-content\/uploads\/2018\/07\/ue-210x21.jpg 210w\" sizes=\"(max-width: 686px) 100vw, 686px\" \/><\/a><\/p>\n<p>Fundacja Europejskie Forum Sztuki realizuje projekt w ramach Dzia\u0142ania 4.2Zachowanie, ochrona, promowanie i rozw\u00f3j dziedzictwa naturalnego i kulturowego, 4.4.2. Wydarzenia kulturalnepod nazw\u0105: \u201eZwi\u0119kszenie atrakcyjno\u015bci oferty kulturowej regionu poprzez organizacj\u0119 Enter Music Festival 2016 i 2017 oraz wystaw z oddaniem do przestrzeni publicznej dzie\u0142 sztuki w Visual Park na terenie o\u015brodka rekreacyjno-sportowego nad jeziorem Strzeszy\u0144skim.\u201d w ramach umowy o dofinansowanie nr RPWP.04.04.02-30-0003\/15-00.<\/p>\n<p><strong>Opis projektu:<\/strong><\/p>\n<p>W ramach projektu przewiduje si\u0119 organizacj\u0119 , w 2016 r. oraz 2017 r. mi\u0119dzynarodowego festiwalu muzycznego pod dyrekcj\u0105 artystyczn\u0105, jednego z najbardziej uznanych polskich pianist\u00f3w i kompozytor\u00f3w: Leszka Mo\u017cd\u017cera. Zgodnie z za\u0142o\u017ceniem ka\u017cda edycja Festiwalu b\u0119dzie trwa\u0142a przez 2 dni, a w ka\u017cdym z nich odbywa\u0107 si\u0119 b\u0119d\u0105 kolejne koncerty. Na terenie o\u015brodka znajduj\u0105 si\u0119 du\u017ce przestrzenie zieleni umo\u017cliwiaj\u0105ce usytuowanie sceny wraz<br \/>\nz niezb\u0119dn\u0105 infrastruktur\u0105 oraz miejscem dla publiczno\u015bci. W ramach projektu przewiduje si\u0119 r\u00f3wnie\u017c realizacj\u0119 3 wystaw po\u0142\u0105czon\u0105 z oddaniem do og\u00f3lnego u\u017cytkowania 3 obiekt\u00f3w sztuki wsp\u00f3\u0142czesnej podwy\u017cszaj\u0105cych warto\u015b\u0107 walor\u00f3w krajobrazowych i edukacyjnych<br \/>\nw przestrzeni publicznej i rekreacyjnej nad jeziorem Strzeszy\u0144skim.<\/p>\n<p><strong>Cele projektu:<\/strong><\/p>\n<p>Celem realizacji projektu jest odej\u015bcie od stereotypowego postrzegania jazzu, muzyki improwizowanej i sztuki wsp\u00f3\u0142czesnej<\/p>\n<p><strong>\u00a0<\/strong><strong>Planowane efekty:<\/strong><\/p>\n<p>Planowane jest osi\u0105gni\u0119cie nast\u0119puj\u0105cych wska\u017anik\u00f3w:<\/p>\n<ol>\n<li>Liczba zrealizowanych imprez kulturalnych: 5<\/li>\n<li>Liczba uczestnik\u00f3w imprez kulturalnych: 5000<\/li>\n<\/ol>\n<p><strong>Ca\u0142kowita warto\u015b\u0107 projektu:<\/strong> 1 292 371,64 PLN<\/p>\n<p><strong>Wk\u0142ad Funduszy Europejskich:<\/strong> 560 842,51 PLN<\/p>\n<p>&nbsp;<\/p>\n<div class=\"share-this group\"><span class=\"share\">Share &rarr;<\/span><\/p>\n<div><a href=\"http:\/\/twitter.com\/share\" class=\"twitter-share-button\" data-count=\"horizontal\">Tweet<\/a><\/div>\n<div class=\"plusone\"><g:plusone size=\"medium\" href=\"https:\/\/fefs.pl\/?page_id=627\"><\/g:plusone><\/div>\n<div class=\"facebook-like-button\"><iframe src=\"http:\/\/www.facebook.com\/plugins\/like.php?href=https%3A%2F%2Ffefs.pl%2F%3Fpage_id%3D627&amp;layout=button_count&amp;show_faces=false&amp;width=200&amp;action=like&amp;colorscheme=light&amp;height=21\"scrolling=\"no\" frameborder=\"0\" style=\"border:none; overflow:hidden; width:200px; height:21px;\" allowTransparency=\"true\"><\/iframe><\/div>\n<\/div>\n","protected":false},"excerpt":{"rendered":"<p>Fundacja Europejskie Forum Sztuki realizuje projekt w ramach Dzia\u0142ania 4.2Zachowanie, ochrona, promowanie i rozw\u00f3j dziedzictwa naturalnego i kulturowego, 4.4.2. Wydarzenia kulturalnepod nazw\u0105: \u201eZwi\u0119kszenie atrakcyjno\u015bci oferty kulturowej regionu poprzez organizacj\u0119 Enter Music Festival 2016 i 2017 oraz wystaw z oddaniem do przestrzeni publicznej dzie\u0142 sztuki w Visual Park na terenie o\u015brodka rekreacyjno-sportowego nad jeziorem Strzeszy\u0144skim.\u201d w [&hellip;]<\/p>\n","protected":false},"author":3,"featured_media":0,"parent":0,"menu_order":0,"comment_status":"closed","ping_status":"closed","template":"","meta":[],"_links":{"self":[{"href":"https:\/\/fefs.pl\/index.php?rest_route=\/wp\/v2\/pages\/627"}],"collection":[{"href":"https:\/\/fefs.pl\/index.php?rest_route=\/wp\/v2\/pages"}],"about":[{"href":"https:\/\/fefs.pl\/index.php?rest_route=\/wp\/v2\/types\/page"}],"author":[{"embeddable":true,"href":"https:\/\/fefs.pl\/index.php?rest_route=\/wp\/v2\/users\/3"}],"replies":[{"embeddable":true,"href":"https:\/\/fefs.pl\/index.php?rest_route=%2Fwp%2Fv2%2Fcomments&post=627"}],"version-history":[{"count":5,"href":"https:\/\/fefs.pl\/index.php?rest_route=\/wp\/v2\/pages\/627\/revisions"}],"predecessor-version":[{"id":635,"href":"https:\/\/fefs.pl\/index.php?rest_route=\/wp\/v2\/pages\/627\/revisions\/635"}],"wp:attachment":[{"href":"https:\/\/fefs.pl\/index.php?rest_route=%2Fwp%2Fv2%2Fmedia&parent=627"}],"curies":[{"name":"wp","href":"https:\/\/api.w.org\/{rel}","templated":true}]}}