{"id":78,"date":"2016-03-23T10:21:11","date_gmt":"2016-03-23T09:21:11","guid":{"rendered":"http:\/\/fefs.pl\/?page_id=78"},"modified":"2022-12-20T17:28:06","modified_gmt":"2022-12-20T16:28:06","slug":"summer-jam","status":"publish","type":"page","link":"https:\/\/fefs.pl\/?page_id=78","title":{"rendered":"Summer Jam"},"content":{"rendered":"<p>SUMMER JAM jest trwaj\u0105cym 10 dni plenerowym spotkaniem artyst\u00f3w i teoretyk\u00f3w odbywaj\u0105cym si\u0119 w ABC Gallery\u00a0 w sierpniu ka\u017cdego roku. Dwie pierwsze edycje (2013 i 2014) organizowane by\u0142y we wsp\u00f3\u0142pracy z CSiK w Koninie, a uwaga organizator\u00f3w i uczestnik\u00f3w koncentrowa\u0142a si\u0119 na realizacji prac i organizacji wystaw oraz przygotowaniu katalog\u00f3w stanowi\u0105cych podsumowanie dzia\u0142a\u0144 artyst\u00f3w.<\/p>\n<p>Od 2015 r. formu\u0142a SUMMER JAM zosta\u0142a rozszerzona o aspekt teoretyczny, przyjmuj\u0105c charakter niewielkiego sympozjum. Dla ka\u017cdej kolejnej edycji spotkania formu\u0142owany jest nowy temat definiuj\u0105cy problematyk\u0119 wok\u00f3\u0142 kt\u00f3rej koncentruj\u0105 si\u0119 dzia\u0142ania zaproszonych artyst\u00f3w oraz wyk\u0142ady i dyskusje przygotowywane przez specjalist\u00f3w\/teoretyk\u00f3w r\u00f3\u017cnych dziedzin. Poza realizacj\u0105 prac uczestnicy prezentuj\u0105 dokumentacj\u0119 swoich dotychczasowych dzia\u0142a\u0144, ze szczeg\u00f3lnym uwzgl\u0119dnieniem prac odnosz\u0105cych si\u0119 do tematu sympozjum, co cz\u0119sto tak\u017ce staje si\u0119 zarzewiem dyskusji.<\/p>\n<p>Bezcennym efektem sympozj\u00f3w jest niew\u0105tpliwie spotkanie, wymiana pogl\u0105d\u00f3w i wsp\u00f3lna praca tw\u00f3rc\u00f3w i teoretyk\u00f3w z r\u00f3\u017cnych \u015brodowisk akademickich i artystycznych. Formu\u0142a spotka\u0144, jakimi s\u0105 plenery potocznie uwa\u017cana jest za nieco przestarza\u0142\u0105 i obecnie,\u00a0w czasach szybkiej i \u0142atwej wymiany informacji \u2013 niepotrzebn\u0105. Warto jednak pami\u0119ta\u0107, \u017ce praca zar\u00f3wno artysty, jak i naukowca nacechowana jest znacznym stopniu wyalienowaniem, wymaga bowiem d\u0142ugich godzin samotnego skupienia w zaciszu pracowni czy biblioteki. Wbrew pozorom \u015brodowisko akademickie, cz\u0119sto skoncentrowane na kwestiach dydaktycznych i administracyjnych, cz\u0119sto nie gwarantuje \u017cywej i swobodnej wymiany idei i do\u015bwiadcze\u0144.<\/p>\n<p>Wymiernym rezultatem ka\u017cdej kolejnej edycji Summer Jam s\u0105 realizowane w ich trakcie prace, dokumentacja spotkania w formie katalogu oraz podsumowuj\u0105ce wystawy pokazywane zar\u00f3wno w Poznaniu (ABC Gallery), jak i w innych o\u015brodkach wystawienniczych (Galeria Wie\u017ca Ci\u015bnie\u0144 w Koninie, Galeria Wydzia\u0142u Malarstwa ASP w Krakowie).<\/p>\n<p>Wi\u0119cej na:<\/p>\n<p><a href=\"http:\/\/abcgallery.pl\/summer-jam\/\">http:\/\/abcgallery.pl\/summer-jam\/<\/a><\/p>\n<p>&nbsp;<\/p>\n<p>&nbsp;<\/p>\n<div class=\"share-this group\"><span class=\"share\">Share &rarr;<\/span><\/p>\n<div><a href=\"http:\/\/twitter.com\/share\" class=\"twitter-share-button\" data-count=\"horizontal\">Tweet<\/a><\/div>\n<div class=\"plusone\"><g:plusone size=\"medium\" href=\"https:\/\/fefs.pl\/?page_id=78\"><\/g:plusone><\/div>\n<div class=\"facebook-like-button\"><iframe src=\"http:\/\/www.facebook.com\/plugins\/like.php?href=https%3A%2F%2Ffefs.pl%2F%3Fpage_id%3D78&amp;layout=button_count&amp;show_faces=false&amp;width=200&amp;action=like&amp;colorscheme=light&amp;height=21\"scrolling=\"no\" frameborder=\"0\" style=\"border:none; overflow:hidden; width:200px; height:21px;\" allowTransparency=\"true\"><\/iframe><\/div>\n<\/div>\n","protected":false},"excerpt":{"rendered":"<p>SUMMER JAM jest trwaj\u0105cym 10 dni plenerowym spotkaniem artyst\u00f3w i teoretyk\u00f3w odbywaj\u0105cym si\u0119 w ABC Gallery\u00a0 w sierpniu ka\u017cdego roku. Dwie pierwsze edycje (2013 i 2014) organizowane by\u0142y we wsp\u00f3\u0142pracy z CSiK w Koninie, a uwaga organizator\u00f3w i uczestnik\u00f3w koncentrowa\u0142a si\u0119 na realizacji prac i organizacji wystaw oraz przygotowaniu katalog\u00f3w stanowi\u0105cych podsumowanie dzia\u0142a\u0144 artyst\u00f3w. Od [&hellip;]<\/p>\n","protected":false},"author":3,"featured_media":0,"parent":0,"menu_order":0,"comment_status":"closed","ping_status":"closed","template":"","meta":[],"_links":{"self":[{"href":"https:\/\/fefs.pl\/index.php?rest_route=\/wp\/v2\/pages\/78"}],"collection":[{"href":"https:\/\/fefs.pl\/index.php?rest_route=\/wp\/v2\/pages"}],"about":[{"href":"https:\/\/fefs.pl\/index.php?rest_route=\/wp\/v2\/types\/page"}],"author":[{"embeddable":true,"href":"https:\/\/fefs.pl\/index.php?rest_route=\/wp\/v2\/users\/3"}],"replies":[{"embeddable":true,"href":"https:\/\/fefs.pl\/index.php?rest_route=%2Fwp%2Fv2%2Fcomments&post=78"}],"version-history":[{"count":14,"href":"https:\/\/fefs.pl\/index.php?rest_route=\/wp\/v2\/pages\/78\/revisions"}],"predecessor-version":[{"id":683,"href":"https:\/\/fefs.pl\/index.php?rest_route=\/wp\/v2\/pages\/78\/revisions\/683"}],"wp:attachment":[{"href":"https:\/\/fefs.pl\/index.php?rest_route=%2Fwp%2Fv2%2Fmedia&parent=78"}],"curies":[{"name":"wp","href":"https:\/\/api.w.org\/{rel}","templated":true}]}}